{"id":588,"date":"2018-05-16T13:04:01","date_gmt":"2018-05-16T13:04:01","guid":{"rendered":"https:\/\/matchthemes.com\/demowp\/caverta\/?page_id=588"},"modified":"2023-08-28T23:11:48","modified_gmt":"2023-08-28T21:11:48","slug":"home","status":"publish","type":"page","link":"https:\/\/www.lux-beb.com\/posillipo\/","title":{"rendered":"Home"},"content":{"rendered":"\t\t<div data-elementor-type=\"wp-post\" data-elementor-id=\"588\" class=\"elementor elementor-588\">\n\t\t\t\t\t\t\t\t\t<section class=\"elementor-section elementor-top-section elementor-element elementor-element-b886d2e elementor-section-content-middle elementor-section-boxed elementor-section-height-default elementor-section-height-default\" data-id=\"b886d2e\" data-element_type=\"section\" data-settings=\"{&quot;background_background&quot;:&quot;classic&quot;}\">\n\t\t\t\t\t\t<div class=\"elementor-container elementor-column-gap-default\">\n\t\t\t\t\t<div class=\"elementor-column elementor-col-50 elementor-top-column elementor-element elementor-element-fc3c838\" data-id=\"fc3c838\" data-element_type=\"column\">\n\t\t\t<div class=\"elementor-widget-wrap elementor-element-populated\">\n\t\t\t\t\t\t\t\t<div class=\"elementor-element elementor-element-4594700 elementor-widget elementor-widget-text-editor\" data-id=\"4594700\" data-element_type=\"widget\" data-widget_type=\"text-editor.default\">\n\t\t\t\t<div class=\"elementor-widget-container\">\n\t\t\t\t\t\t\t<!--\n<div class=\"smalltitle margin-b16\">Benvenuti<\/div>\n-->\n<h2 class=\"home-title\">LUX B&amp;B &#8211; POSILLIPO<\/h2>\n<p style=\"text-align: justify;\">In un angolo incantato della citt\u00e0 di Napoli a pochi metri da palazzo Donn&#8217; Anna, uno dei pi\u00f9 celebri palazzi monumentali di Napol e in prossimit\u00e0 dei principali stabilimenti balneari cittadini sorge Lux &#8211; Posillipo, un moderno Bed &#038; Breakfast completamente totalmente ristrutturato. <\/p>\n<p style=\"text-align: justify;\">L&#8217;importanza di un piacevole risveglio caratterizza la nostra struttura con prelibatezze e cura nel dettaglio, la prima colazione \u00e8 inclusa nel prezzo.\nEntrando \u00e8 possibile da subito fruire della luce naturale e affacciandoti da ogni camera della struttura, lo spettacolo che si presenta davanti agli occhi ti lascer\u00e0 senza fiato.\t\t\t\t\t\t<\/div>\n\t\t\t\t<\/div>\n\t\t\t\t\t<\/div>\n\t\t<\/div>\n\t\t\t\t<div class=\"elementor-column elementor-col-50 elementor-top-column elementor-element elementor-element-586d79c\" data-id=\"586d79c\" data-element_type=\"column\">\n\t\t\t<div class=\"elementor-widget-wrap elementor-element-populated\">\n\t\t\t\t\t\t\t\t<div class=\"elementor-element elementor-element-b8d3b74 elementor-widget elementor-widget-image\" data-id=\"b8d3b74\" data-element_type=\"widget\" data-widget_type=\"image.default\">\n\t\t\t\t<div class=\"elementor-widget-container\">\n\t\t\t\t\t\t\t\t\t\t\t\t\t\t\t<img fetchpriority=\"high\" decoding=\"async\" width=\"700\" height=\"500\" src=\"https:\/\/www.lux-beb.com\/posillipo\/wp-content\/uploads\/2023\/07\/foto-1.jpg\" class=\"attachment-full size-full wp-image-2643\" alt=\"\" srcset=\"https:\/\/www.lux-beb.com\/posillipo\/wp-content\/uploads\/2023\/07\/foto-1.jpg 700w, https:\/\/www.lux-beb.com\/posillipo\/wp-content\/uploads\/2023\/07\/foto-1-300x214.jpg 300w\" sizes=\"(max-width: 700px) 100vw, 700px\" \/>\t\t\t\t\t\t\t\t\t\t\t\t\t\t\t<\/div>\n\t\t\t\t<\/div>\n\t\t\t\t\t<\/div>\n\t\t<\/div>\n\t\t\t\t\t\t\t<\/div>\n\t\t<\/section>\n\t\t\t\t<section class=\"elementor-section elementor-top-section elementor-element elementor-element-976135b elementor-section-content-middle elementor-section-boxed elementor-section-height-default elementor-section-height-default\" data-id=\"976135b\" data-element_type=\"section\" data-settings=\"{&quot;background_background&quot;:&quot;classic&quot;}\">\n\t\t\t\t\t\t<div class=\"elementor-container elementor-column-gap-default\">\n\t\t\t\t\t<div class=\"elementor-column elementor-col-50 elementor-top-column elementor-element elementor-element-dfb8cc0\" data-id=\"dfb8cc0\" data-element_type=\"column\">\n\t\t\t<div class=\"elementor-widget-wrap elementor-element-populated\">\n\t\t\t\t\t\t\t\t<div class=\"elementor-element elementor-element-709a8ad elementor-widget elementor-widget-video\" data-id=\"709a8ad\" data-element_type=\"widget\" data-settings=\"{&quot;youtube_url&quot;:&quot;https:\\\/\\\/www.youtube.com\\\/watch?v=kLHupbcoYs8&quot;,&quot;video_type&quot;:&quot;youtube&quot;,&quot;controls&quot;:&quot;yes&quot;}\" data-widget_type=\"video.default\">\n\t\t\t\t<div class=\"elementor-widget-container\">\n\t\t\t\t\t<div class=\"elementor-wrapper elementor-open-inline\">\n\t\t\t<div class=\"elementor-video\"><\/div>\t\t<\/div>\n\t\t\t\t<\/div>\n\t\t\t\t<\/div>\n\t\t\t\t\t<\/div>\n\t\t<\/div>\n\t\t\t\t<div class=\"elementor-column elementor-col-50 elementor-top-column elementor-element elementor-element-39f80d1\" data-id=\"39f80d1\" data-element_type=\"column\">\n\t\t\t<div class=\"elementor-widget-wrap elementor-element-populated\">\n\t\t\t\t\t\t\t\t<div class=\"elementor-element elementor-element-6a96484 elementor-widget elementor-widget-text-editor\" data-id=\"6a96484\" data-element_type=\"widget\" data-widget_type=\"text-editor.default\">\n\t\t\t\t<div class=\"elementor-widget-container\">\n\t\t\t\t\t\t\t<!--\n<div class=\"smalltitle margin-b16\">Benvenuti<\/div>\n-->\n<h2 class=\"home-title\">Visualizza il nostro video<\/h2>\n<p style=\"text-align: justify;\">Avvolti dal profumo del mare sar\u00e0 difficile dimenticare il vostro soggiorno presso le nostre strutture di Via Posillipo e di Via Caracciolo. Stanze piene di luce, cura di ogni piccolo dettaglio, una posizione ideale per gli ospiti che desiderano soggiornare a pochi metri dal mare e allo stesso tempo dalle principali attrazioni monumentali di Napoli e un\u2019 ospitalit\u00e0 calorosa sono il nostro biglietto da visita.  \t\t\t\t\t\t<\/div>\n\t\t\t\t<\/div>\n\t\t\t\t\t<\/div>\n\t\t<\/div>\n\t\t\t\t\t\t\t<\/div>\n\t\t<\/section>\n\t\t\t\t<section class=\"elementor-section elementor-top-section elementor-element elementor-element-4b39f8b elementor-section-stretched elementor-section-boxed elementor-section-height-default elementor-section-height-default\" data-id=\"4b39f8b\" data-element_type=\"section\" data-settings=\"{&quot;stretch_section&quot;:&quot;section-stretched&quot;,&quot;background_background&quot;:&quot;classic&quot;}\">\n\t\t\t\t\t\t\t<div class=\"elementor-background-overlay\"><\/div>\n\t\t\t\t\t\t\t<div class=\"elementor-container elementor-column-gap-default\">\n\t\t\t\t\t<div class=\"elementor-column elementor-col-100 elementor-top-column elementor-element elementor-element-bb2411d\" data-id=\"bb2411d\" data-element_type=\"column\" data-settings=\"{&quot;background_background&quot;:&quot;classic&quot;}\">\n\t\t\t<div class=\"elementor-widget-wrap elementor-element-populated\">\n\t\t\t\t\t\t\t\t<div class=\"elementor-element elementor-element-0aa6d59 elementor-widget elementor-widget-text-editor\" data-id=\"0aa6d59\" data-element_type=\"widget\" data-widget_type=\"text-editor.default\">\n\t\t\t\t<div class=\"elementor-widget-container\">\n\t\t\t\t\t\t\t<div class=\"smalltitle white margin-b16\">PRENOTA ORA LA TUA CAMERA\n<\/div>\t\t\t\t\t\t<\/div>\n\t\t\t\t<\/div>\n\t\t\t\t<div class=\"elementor-element elementor-element-527e39f elementor-align-center elementor-widget elementor-widget-button\" data-id=\"527e39f\" data-element_type=\"widget\" data-widget_type=\"button.default\">\n\t\t\t\t<div class=\"elementor-widget-container\">\n\t\t\t\t\t<div class=\"elementor-button-wrapper\">\n\t\t\t<a class=\"elementor-button elementor-button-link elementor-size-md\" href=\"https:\/\/www.lux-beb.com\/posillipo\/prenota-ora\/\">\n\t\t\t\t\t\t<span class=\"elementor-button-content-wrapper\">\n\t\t\t\t\t\t<span class=\"elementor-button-text\">BOOKING NOW<\/span>\n\t\t<\/span>\n\t\t\t\t\t<\/a>\n\t\t<\/div>\n\t\t\t\t<\/div>\n\t\t\t\t<\/div>\n\t\t\t\t\t<\/div>\n\t\t<\/div>\n\t\t\t\t\t\t\t<\/div>\n\t\t<\/section>\n\t\t\t\t<section class=\"elementor-section elementor-top-section elementor-element elementor-element-37c21a3 elementor-section-content-middle elementor-section-boxed elementor-section-height-default elementor-section-height-default\" data-id=\"37c21a3\" data-element_type=\"section\" data-settings=\"{&quot;background_background&quot;:&quot;classic&quot;}\">\n\t\t\t\t\t\t<div class=\"elementor-container elementor-column-gap-default\">\n\t\t\t\t\t<div class=\"elementor-column elementor-col-50 elementor-top-column elementor-element elementor-element-8dd085c\" data-id=\"8dd085c\" data-element_type=\"column\">\n\t\t\t<div class=\"elementor-widget-wrap elementor-element-populated\">\n\t\t\t\t\t\t\t\t<div class=\"elementor-element elementor-element-161a60e elementor-widget elementor-widget-image\" data-id=\"161a60e\" data-element_type=\"widget\" data-widget_type=\"image.default\">\n\t\t\t\t<div class=\"elementor-widget-container\">\n\t\t\t\t\t\t\t\t\t\t\t\t\t\t\t<img decoding=\"async\" width=\"700\" height=\"500\" src=\"https:\/\/www.lux-beb.com\/posillipo\/wp-content\/uploads\/2023\/07\/foto-2.jpg\" class=\"attachment-full size-full wp-image-2644\" alt=\"\" srcset=\"https:\/\/www.lux-beb.com\/posillipo\/wp-content\/uploads\/2023\/07\/foto-2.jpg 700w, https:\/\/www.lux-beb.com\/posillipo\/wp-content\/uploads\/2023\/07\/foto-2-300x214.jpg 300w\" sizes=\"(max-width: 700px) 100vw, 700px\" \/>\t\t\t\t\t\t\t\t\t\t\t\t\t\t\t<\/div>\n\t\t\t\t<\/div>\n\t\t\t\t\t<\/div>\n\t\t<\/div>\n\t\t\t\t<div class=\"elementor-column elementor-col-50 elementor-top-column elementor-element elementor-element-879c03c\" data-id=\"879c03c\" data-element_type=\"column\">\n\t\t\t<div class=\"elementor-widget-wrap elementor-element-populated\">\n\t\t\t\t\t\t\t\t<div class=\"elementor-element elementor-element-edc120b elementor-widget elementor-widget-text-editor\" data-id=\"edc120b\" data-element_type=\"widget\" data-widget_type=\"text-editor.default\">\n\t\t\t\t<div class=\"elementor-widget-container\">\n\t\t\t\t\t\t\t<!--\n<div class=\"smalltitle margin-b16\">Benvenuti<\/div>\n-->\n<h2 class=\"home-title\">LE CAMERE<\/h2>\n<p style=\"text-align: justify;\">Lux &#8211; Posillipo \u00e8 un bed and breakfast accogliente ed elegante dotato di quattro camere tutte con vista mare di cui due Superior con balcone e due Standard con finestra. La sensazione che gli ospiti provano entrando \u00e8, infatti, quella di trovarsi in un ambiente accogliente, curato e dallo stile contemporaneo e informale. \nTutti e nostre camere si caratterizzano per luminosit\u00e0 e tranquillit\u00e0 e ogni dettaglio \u00e8 studiato per assicurare ai nostri ospiti un soggiorno piacevole e rilassante, in un ambiente confortevole per rendere ancora pi\u00f9 prezioso ogni momento della vacanza.\t\t\t\t\t\t<\/div>\n\t\t\t\t<\/div>\n\t\t\t\t\t<\/div>\n\t\t<\/div>\n\t\t\t\t\t\t\t<\/div>\n\t\t<\/section>\n\t\t\t\t<section class=\"elementor-section elementor-top-section elementor-element elementor-element-459148f elementor-section-stretched elementor-hidden-desktop elementor-hidden-tablet elementor-hidden-mobile elementor-section-boxed elementor-section-height-default elementor-section-height-default\" data-id=\"459148f\" data-element_type=\"section\" data-settings=\"{&quot;stretch_section&quot;:&quot;section-stretched&quot;,&quot;background_background&quot;:&quot;classic&quot;}\">\n\t\t\t\t\t\t\t<div class=\"elementor-background-overlay\"><\/div>\n\t\t\t\t\t\t\t<div class=\"elementor-container elementor-column-gap-default\">\n\t\t\t\t\t<div class=\"elementor-column elementor-col-100 elementor-top-column elementor-element elementor-element-bcbfb14\" data-id=\"bcbfb14\" data-element_type=\"column\">\n\t\t\t<div class=\"elementor-widget-wrap elementor-element-populated\">\n\t\t\t\t\t\t\t\t<div class=\"elementor-element elementor-element-f07bef5 elementor-widget elementor-widget-text-editor\" data-id=\"f07bef5\" data-element_type=\"widget\" data-widget_type=\"text-editor.default\">\n\t\t\t\t<div class=\"elementor-widget-container\">\n\t\t\t\t\t\t\t<div class=\"smalltitle white margin-b16\">RECENSIONI<\/div>\t\t\t\t\t\t<\/div>\n\t\t\t\t<\/div>\n\t\t\t\t<div class=\"elementor-element elementor-element-f08dd2d home-title elementor-widget elementor-widget-heading\" data-id=\"f08dd2d\" data-element_type=\"widget\" data-widget_type=\"heading.default\">\n\t\t\t\t<div class=\"elementor-widget-container\">\n\t\t\t<h2 class=\"elementor-heading-title elementor-size-default\">Cosa pensano i nostri clienti<\/h2>\t\t<\/div>\n\t\t\t\t<\/div>\n\t\t\t\t<div class=\"elementor-element elementor-element-f556e7f elementor-widget elementor-widget-shortcode\" data-id=\"f556e7f\" data-element_type=\"widget\" data-widget_type=\"shortcode.default\">\n\t\t\t\t<div class=\"elementor-widget-container\">\n\t\t\t\t\t<div class=\"elementor-shortcode\"><div class=\"owl-carousel owl-theme testimonial-slider\"><div class=\"testimonial-info\"><h4 class=\"testimonial-desc\">\"Sono stato in quest'ottima osteria con la mia fidanzata e siamo rimasti entrambi pi\u00f9 che soddisfatti. Accolti da una location molto intima e tranquilla, abbiamo mangiato tutte ottime pietanze a base di pesce. Eccellente il panciotto con ricotta, limone e vongole.\"<\/h4>\r\n\r\n<div>Marco <\/div>\r\n<span>Napoli<\/span><\/div><div class=\"testimonial-info\"><h4 class=\"testimonial-desc\">\"Ho pensato per un attimo di essere entrata in un\u2019altra dimensione, l\u2019accoglienza e il paesaggio intorno mi sono sembrati talmente perfetti da sembrare quasi irreali. Io e mio marito ci siamo detti che ne sarebbe valsa la pena pagare un biglietto d\u2019entrata solo per godere la suggestione di quell\u2019atmosfera incantata.\"<\/h4>\r\n\r\n<div>Aler<\/div>\r\n<span>Prato<\/span><\/div><div class=\"testimonial-info\"><h4 class=\"testimonial-desc\">\"C'era una volta il Cilento.... e c'\u00e8 ancora. Uno dei luoghi pi\u00f9 affascinanti e \"buoni\" per vivere una esperienza, non solo culinaria, che ti resta nel cuore.\r\nI piatti, ben preparati, ci hanno offerto non solo il gusto ma anche la freschezza ed i profumi di questa terra meravigliosa.\"<\/h4>\r\n\r\n<div>Alessandra<\/div>\r\n<span>Massa Lubrense<\/span><\/div><div class=\"testimonial-info\"><h4 class=\"testimonial-desc\">\"La location \u00e8 curata, uno squarcio verso il mare incorniciato da uno splendido giardino rende l'esperienza davvero rilassante e accogliente. Un viaggio tra i sapori pi\u00f9 autentici del Cilento. Dagli antipasti al primo, dal secondo ai dolci, tutto squisito e ben equilibrato.\r\n\"<\/h4>\r\n\r\n<div>Corrado<\/div>\r\n<span>Ercolano<\/span><\/div><\/div><\/div>\n\t\t\t\t<\/div>\n\t\t\t\t<\/div>\n\t\t\t\t\t<\/div>\n\t\t<\/div>\n\t\t\t\t\t\t\t<\/div>\n\t\t<\/section>\n\t\t\t\t<section class=\"elementor-section elementor-top-section elementor-element elementor-element-79ab147 elementor-section-boxed elementor-section-height-default elementor-section-height-default\" data-id=\"79ab147\" data-element_type=\"section\">\n\t\t\t\t\t\t<div class=\"elementor-container elementor-column-gap-default\">\n\t\t\t\t\t<div class=\"elementor-column elementor-col-100 elementor-top-column elementor-element elementor-element-6d1ccff\" data-id=\"6d1ccff\" data-element_type=\"column\">\n\t\t\t<div class=\"elementor-widget-wrap elementor-element-populated\">\n\t\t\t\t\t\t\t\t<div class=\"elementor-element elementor-element-8196bbe elementor-widget elementor-widget-google_maps\" data-id=\"8196bbe\" data-element_type=\"widget\" data-widget_type=\"google_maps.default\">\n\t\t\t\t<div class=\"elementor-widget-container\">\n\t\t\t\t\t<div class=\"elementor-custom-embed\">\n\t\t\t<iframe loading=\"lazy\"\n\t\t\t\t\tsrc=\"https:\/\/maps.google.com\/maps?q=Via%20Posillipo%2C%20382%20Napoli%20&#038;t=m&#038;z=10&#038;output=embed&#038;iwloc=near\"\n\t\t\t\t\ttitle=\"Via Posillipo, 382 Napoli \"\n\t\t\t\t\taria-label=\"Via Posillipo, 382 Napoli \"\n\t\t\t><\/iframe>\n\t\t<\/div>\n\t\t\t\t<\/div>\n\t\t\t\t<\/div>\n\t\t\t\t\t<\/div>\n\t\t<\/div>\n\t\t\t\t\t\t\t<\/div>\n\t\t<\/section>\n\t\t\t\t\t\t\t<\/div>\n\t\t","protected":false},"excerpt":{"rendered":"<p>LUX B&amp;B &#8211; POSILLIPO In un angolo incantato della citt\u00e0 di Napoli a pochi metri da palazzo Donn&#8217; Anna, uno dei pi\u00f9 celebri palazzi monumentali di Napol e in prossimit\u00e0 dei principali stabilimenti balneari cittadini sorge Lux &#8211; Posillipo, un moderno Bed &#038; Breakfast completamente totalmente ristrutturato. L&#8217;importanza di un piacevole risveglio caratterizza la nostra struttura con prelibatezze e cura&#8230;<\/p>\n","protected":false},"author":1,"featured_media":0,"parent":0,"menu_order":0,"comment_status":"closed","ping_status":"closed","template":"my-templates\/template-home.php","meta":{"footnotes":""},"class_list":["post-588","page","type-page","status-publish","hentry"],"_links":{"self":[{"href":"https:\/\/www.lux-beb.com\/posillipo\/wp-json\/wp\/v2\/pages\/588","targetHints":{"allow":["GET"]}}],"collection":[{"href":"https:\/\/www.lux-beb.com\/posillipo\/wp-json\/wp\/v2\/pages"}],"about":[{"href":"https:\/\/www.lux-beb.com\/posillipo\/wp-json\/wp\/v2\/types\/page"}],"author":[{"embeddable":true,"href":"https:\/\/www.lux-beb.com\/posillipo\/wp-json\/wp\/v2\/users\/1"}],"replies":[{"embeddable":true,"href":"https:\/\/www.lux-beb.com\/posillipo\/wp-json\/wp\/v2\/comments?post=588"}],"version-history":[{"count":129,"href":"https:\/\/www.lux-beb.com\/posillipo\/wp-json\/wp\/v2\/pages\/588\/revisions"}],"predecessor-version":[{"id":2766,"href":"https:\/\/www.lux-beb.com\/posillipo\/wp-json\/wp\/v2\/pages\/588\/revisions\/2766"}],"wp:attachment":[{"href":"https:\/\/www.lux-beb.com\/posillipo\/wp-json\/wp\/v2\/media?parent=588"}],"curies":[{"name":"wp","href":"https:\/\/api.w.org\/{rel}","templated":true}]}}