{"id":2624,"date":"2023-07-21T16:54:53","date_gmt":"2023-07-21T14:54:53","guid":{"rendered":"https:\/\/www.lux-beb.com\/posillipo\/?page_id=2624"},"modified":"2023-07-21T18:41:00","modified_gmt":"2023-07-21T16:41:00","slug":"le-camere","status":"publish","type":"page","link":"https:\/\/www.lux-beb.com\/posillipo\/le-camere\/","title":{"rendered":"Le Camere"},"content":{"rendered":"\t\t<div data-elementor-type=\"wp-page\" data-elementor-id=\"2624\" class=\"elementor elementor-2624\">\n\t\t\t\t\t\t\t\t\t<section class=\"elementor-section elementor-top-section elementor-element elementor-element-d143186 elementor-section-boxed elementor-section-height-default elementor-section-height-default\" data-id=\"d143186\" data-element_type=\"section\">\n\t\t\t\t\t\t<div class=\"elementor-container elementor-column-gap-default\">\n\t\t\t\t\t<div class=\"elementor-column elementor-col-100 elementor-top-column elementor-element elementor-element-c130817\" data-id=\"c130817\" data-element_type=\"column\">\n\t\t\t<div class=\"elementor-widget-wrap elementor-element-populated\">\n\t\t\t\t\t\t\t\t<div class=\"elementor-element elementor-element-b76ae10 elementor-widget elementor-widget-text-editor\" data-id=\"b76ae10\" data-element_type=\"widget\" data-widget_type=\"text-editor.default\">\n\t\t\t\t<div class=\"elementor-widget-container\">\n\t\t\t\t\t\t\t<h2 class=\"home-title\" style=\"text-align: center;\">le Nostre Camere<\/h2>\n<p style=\"text-align: justify;\">Lux \u2013 Posillipo \u00e8 un bed and breakfast accogliente ed elegante dotato di quattro camere tutte con vista mare di cui due Superior con balcone e due Standard con finestra. La sensazione che gli ospiti provano entrando \u00e8, infatti, quella di trovarsi in un ambiente accogliente, curato e dallo stile contemporaneo e informale. Tutti e nostre camere si caratterizzano per luminosit\u00e0 e tranquillit\u00e0 e ogni dettaglio \u00e8 studiato per assicurare ai nostri ospiti un soggiorno piacevole e rilassante, in un ambiente confortevole per rendere ancora pi\u00f9 prezioso ogni momento della vacanza.\n\t\t\t\t\t\t<\/div>\n\t\t\t\t<\/div>\n\t\t\t\t\t<\/div>\n\t\t<\/div>\n\t\t\t\t\t\t\t<\/div>\n\t\t<\/section>\n\t\t\t\t<section class=\"elementor-section elementor-top-section elementor-element elementor-element-e9c2c6b elementor-section-boxed elementor-section-height-default elementor-section-height-default\" data-id=\"e9c2c6b\" data-element_type=\"section\">\n\t\t\t\t\t\t<div class=\"elementor-container elementor-column-gap-default\">\n\t\t\t\t\t<div class=\"elementor-column elementor-col-50 elementor-top-column elementor-element elementor-element-96d6cd3\" data-id=\"96d6cd3\" data-element_type=\"column\">\n\t\t\t<div class=\"elementor-widget-wrap elementor-element-populated\">\n\t\t\t\t\t\t\t\t<div class=\"elementor-element elementor-element-dcf8b43 elementor-widget elementor-widget-image\" data-id=\"dcf8b43\" data-element_type=\"widget\" data-widget_type=\"image.default\">\n\t\t\t\t<div class=\"elementor-widget-container\">\n\t\t\t\t\t\t\t\t\t\t\t\t\t\t\t<img fetchpriority=\"high\" decoding=\"async\" width=\"700\" height=\"470\" src=\"https:\/\/www.lux-beb.com\/posillipo\/wp-content\/uploads\/2023\/07\/foto-1-Camera-Posillipo.jpg\" class=\"attachment-full size-full wp-image-2733\" alt=\"\" srcset=\"https:\/\/www.lux-beb.com\/posillipo\/wp-content\/uploads\/2023\/07\/foto-1-Camera-Posillipo.jpg 700w, https:\/\/www.lux-beb.com\/posillipo\/wp-content\/uploads\/2023\/07\/foto-1-Camera-Posillipo-300x201.jpg 300w\" sizes=\"(max-width: 700px) 100vw, 700px\" \/>\t\t\t\t\t\t\t\t\t\t\t\t\t\t\t<\/div>\n\t\t\t\t<\/div>\n\t\t\t\t\t<\/div>\n\t\t<\/div>\n\t\t\t\t<div class=\"elementor-column elementor-col-50 elementor-top-column elementor-element elementor-element-d44d259\" data-id=\"d44d259\" data-element_type=\"column\">\n\t\t\t<div class=\"elementor-widget-wrap elementor-element-populated\">\n\t\t\t\t\t\t\t\t<div class=\"elementor-element elementor-element-7a196eb elementor-widget elementor-widget-image\" data-id=\"7a196eb\" data-element_type=\"widget\" data-widget_type=\"image.default\">\n\t\t\t\t<div class=\"elementor-widget-container\">\n\t\t\t\t\t\t\t\t\t\t\t\t\t\t\t<img decoding=\"async\" width=\"700\" height=\"470\" src=\"https:\/\/www.lux-beb.com\/posillipo\/wp-content\/uploads\/2023\/07\/foto-2-Camera-Posillipo.jpg\" class=\"attachment-full size-full wp-image-2734\" alt=\"\" srcset=\"https:\/\/www.lux-beb.com\/posillipo\/wp-content\/uploads\/2023\/07\/foto-2-Camera-Posillipo.jpg 700w, https:\/\/www.lux-beb.com\/posillipo\/wp-content\/uploads\/2023\/07\/foto-2-Camera-Posillipo-300x201.jpg 300w\" sizes=\"(max-width: 700px) 100vw, 700px\" \/>\t\t\t\t\t\t\t\t\t\t\t\t\t\t\t<\/div>\n\t\t\t\t<\/div>\n\t\t\t\t\t<\/div>\n\t\t<\/div>\n\t\t\t\t\t\t\t<\/div>\n\t\t<\/section>\n\t\t\t\t<section class=\"elementor-section elementor-top-section elementor-element elementor-element-03ab1b7 elementor-section-boxed elementor-section-height-default elementor-section-height-default\" data-id=\"03ab1b7\" data-element_type=\"section\">\n\t\t\t\t\t\t<div class=\"elementor-container elementor-column-gap-default\">\n\t\t\t\t\t<div class=\"elementor-column elementor-col-100 elementor-top-column elementor-element elementor-element-6f199fb\" data-id=\"6f199fb\" data-element_type=\"column\">\n\t\t\t<div class=\"elementor-widget-wrap elementor-element-populated\">\n\t\t\t\t\t\t\t\t<div class=\"elementor-element elementor-element-77256b4 gallery-spacing-custom elementor-widget elementor-widget-image-gallery\" data-id=\"77256b4\" data-element_type=\"widget\" data-widget_type=\"image-gallery.default\">\n\t\t\t\t<div class=\"elementor-widget-container\">\n\t\t\t\t\t<div class=\"elementor-image-gallery\">\n\t\t\t<div id='gallery-1' class='gallery galleryid-2624 gallery-columns-4 gallery-size-caverta-image600x500'><figure class='gallery-item'>\n\t\t\t<div class='gallery-icon landscape'>\n\t\t\t\t<a data-elementor-open-lightbox=\"yes\" data-elementor-lightbox-slideshow=\"77256b4\" data-e-action-hash=\"#elementor-action%3Aaction%3Dlightbox%26settings%3DeyJpZCI6MjczNywidXJsIjoiaHR0cHM6XC9cL3d3dy5sdXgtYmViLmNvbVwvcG9zaWxsaXBvXC93cC1jb250ZW50XC91cGxvYWRzXC8yMDIzXC8wN1wvZ2FsbGVyeS0xLTIuanBnIiwic2xpZGVzaG93IjoiNzcyNTZiNCJ9\" href='https:\/\/www.lux-beb.com\/posillipo\/wp-content\/uploads\/2023\/07\/gallery-1-2.jpg'><img decoding=\"async\" width=\"600\" height=\"500\" src=\"https:\/\/www.lux-beb.com\/posillipo\/wp-content\/uploads\/2023\/07\/gallery-1-2-600x500.jpg\" class=\"attachment-caverta-image600x500 size-caverta-image600x500\" alt=\"\" \/><\/a>\n\t\t\t<\/div><\/figure><figure class='gallery-item'>\n\t\t\t<div class='gallery-icon landscape'>\n\t\t\t\t<a data-elementor-open-lightbox=\"yes\" data-elementor-lightbox-slideshow=\"77256b4\" data-e-action-hash=\"#elementor-action%3Aaction%3Dlightbox%26settings%3DeyJpZCI6MjczOCwidXJsIjoiaHR0cHM6XC9cL3d3dy5sdXgtYmViLmNvbVwvcG9zaWxsaXBvXC93cC1jb250ZW50XC91cGxvYWRzXC8yMDIzXC8wN1wvZ2FsbGVyeS0yLTIuanBnIiwic2xpZGVzaG93IjoiNzcyNTZiNCJ9\" href='https:\/\/www.lux-beb.com\/posillipo\/wp-content\/uploads\/2023\/07\/gallery-2-2.jpg'><img loading=\"lazy\" decoding=\"async\" width=\"600\" height=\"500\" src=\"https:\/\/www.lux-beb.com\/posillipo\/wp-content\/uploads\/2023\/07\/gallery-2-2-600x500.jpg\" class=\"attachment-caverta-image600x500 size-caverta-image600x500\" alt=\"\" \/><\/a>\n\t\t\t<\/div><\/figure><figure class='gallery-item'>\n\t\t\t<div class='gallery-icon landscape'>\n\t\t\t\t<a data-elementor-open-lightbox=\"yes\" data-elementor-lightbox-slideshow=\"77256b4\" data-e-action-hash=\"#elementor-action%3Aaction%3Dlightbox%26settings%3DeyJpZCI6MjczOSwidXJsIjoiaHR0cHM6XC9cL3d3dy5sdXgtYmViLmNvbVwvcG9zaWxsaXBvXC93cC1jb250ZW50XC91cGxvYWRzXC8yMDIzXC8wN1wvZ2FsbGVyeS0zLTEuanBnIiwic2xpZGVzaG93IjoiNzcyNTZiNCJ9\" href='https:\/\/www.lux-beb.com\/posillipo\/wp-content\/uploads\/2023\/07\/gallery-3-1.jpg'><img loading=\"lazy\" decoding=\"async\" width=\"600\" height=\"500\" src=\"https:\/\/www.lux-beb.com\/posillipo\/wp-content\/uploads\/2023\/07\/gallery-3-1-600x500.jpg\" class=\"attachment-caverta-image600x500 size-caverta-image600x500\" alt=\"\" \/><\/a>\n\t\t\t<\/div><\/figure><figure class='gallery-item'>\n\t\t\t<div class='gallery-icon landscape'>\n\t\t\t\t<a data-elementor-open-lightbox=\"yes\" data-elementor-lightbox-slideshow=\"77256b4\" data-e-action-hash=\"#elementor-action%3Aaction%3Dlightbox%26settings%3DeyJpZCI6Mjc0MCwidXJsIjoiaHR0cHM6XC9cL3d3dy5sdXgtYmViLmNvbVwvcG9zaWxsaXBvXC93cC1jb250ZW50XC91cGxvYWRzXC8yMDIzXC8wN1wvZ2FsbGVyeS00LTIuanBnIiwic2xpZGVzaG93IjoiNzcyNTZiNCJ9\" href='https:\/\/www.lux-beb.com\/posillipo\/wp-content\/uploads\/2023\/07\/gallery-4-2.jpg'><img loading=\"lazy\" decoding=\"async\" width=\"600\" height=\"500\" src=\"https:\/\/www.lux-beb.com\/posillipo\/wp-content\/uploads\/2023\/07\/gallery-4-2-600x500.jpg\" class=\"attachment-caverta-image600x500 size-caverta-image600x500\" alt=\"\" \/><\/a>\n\t\t\t<\/div><\/figure>\n\t\t<\/div>\n\t\t<\/div>\n\t\t\t\t<\/div>\n\t\t\t\t<\/div>\n\t\t\t\t\t<\/div>\n\t\t<\/div>\n\t\t\t\t\t\t\t<\/div>\n\t\t<\/section>\n\t\t\t\t\t\t\t<\/div>\n\t\t","protected":false},"excerpt":{"rendered":"<p>le Nostre Camere Lux \u2013 Posillipo \u00e8 un bed and breakfast accogliente ed elegante dotato di quattro camere tutte con vista mare di cui due Superior con balcone e due Standard con finestra. La sensazione che gli ospiti provano entrando \u00e8, infatti, quella di trovarsi in un ambiente accogliente, curato e dallo stile contemporaneo e informale. Tutti e nostre camere&#8230;<\/p>\n","protected":false},"author":1,"featured_media":2735,"parent":0,"menu_order":0,"comment_status":"closed","ping_status":"closed","template":"my-templates\/template-fullscreen.php","meta":{"footnotes":""},"class_list":["post-2624","page","type-page","status-publish","has-post-thumbnail","hentry"],"_links":{"self":[{"href":"https:\/\/www.lux-beb.com\/posillipo\/wp-json\/wp\/v2\/pages\/2624","targetHints":{"allow":["GET"]}}],"collection":[{"href":"https:\/\/www.lux-beb.com\/posillipo\/wp-json\/wp\/v2\/pages"}],"about":[{"href":"https:\/\/www.lux-beb.com\/posillipo\/wp-json\/wp\/v2\/types\/page"}],"author":[{"embeddable":true,"href":"https:\/\/www.lux-beb.com\/posillipo\/wp-json\/wp\/v2\/users\/1"}],"replies":[{"embeddable":true,"href":"https:\/\/www.lux-beb.com\/posillipo\/wp-json\/wp\/v2\/comments?post=2624"}],"version-history":[{"count":8,"href":"https:\/\/www.lux-beb.com\/posillipo\/wp-json\/wp\/v2\/pages\/2624\/revisions"}],"predecessor-version":[{"id":2743,"href":"https:\/\/www.lux-beb.com\/posillipo\/wp-json\/wp\/v2\/pages\/2624\/revisions\/2743"}],"wp:featuredmedia":[{"embeddable":true,"href":"https:\/\/www.lux-beb.com\/posillipo\/wp-json\/wp\/v2\/media\/2735"}],"wp:attachment":[{"href":"https:\/\/www.lux-beb.com\/posillipo\/wp-json\/wp\/v2\/media?parent=2624"}],"curies":[{"name":"wp","href":"https:\/\/api.w.org\/{rel}","templated":true}]}}