{"id":2528,"date":"2023-07-20T23:11:05","date_gmt":"2023-07-20T21:11:05","guid":{"rendered":"https:\/\/www.lux-beb.com\/posillipo\/?page_id=2528"},"modified":"2023-07-21T17:48:40","modified_gmt":"2023-07-21T15:48:40","slug":"prenota-ora","status":"publish","type":"page","link":"https:\/\/www.lux-beb.com\/posillipo\/prenota-ora\/","title":{"rendered":"Prenota ora"},"content":{"rendered":"\t\t<div data-elementor-type=\"wp-page\" data-elementor-id=\"2528\" class=\"elementor elementor-2528\">\n\t\t\t\t\t\t\t\t\t<section class=\"elementor-section elementor-top-section elementor-element elementor-element-d143186 elementor-section-boxed elementor-section-height-default elementor-section-height-default\" data-id=\"d143186\" data-element_type=\"section\">\n\t\t\t\t\t\t<div class=\"elementor-container elementor-column-gap-default\">\n\t\t\t\t\t<div class=\"elementor-column elementor-col-100 elementor-top-column elementor-element elementor-element-c130817\" data-id=\"c130817\" data-element_type=\"column\">\n\t\t\t<div class=\"elementor-widget-wrap elementor-element-populated\">\n\t\t\t\t\t\t\t\t<div class=\"elementor-element elementor-element-b76ae10 elementor-widget elementor-widget-text-editor\" data-id=\"b76ae10\" data-element_type=\"widget\" data-widget_type=\"text-editor.default\">\n\t\t\t\t<div class=\"elementor-widget-container\">\n\t\t\t\t\t\t\t<h2 class=\"home-title\" style=\"text-align: center;\">Prenota Ora<\/h2><p style=\"text-align: center;\">Verifica le disponibilit\u00e0 nella nostra struttura siamo pronti per accogliervi nella citt\u00e0 del sole e del mare,<br \/>precisamente in Via Posillipo, la principale promenade panoramica della citt\u00e0 di Napoli.<\/p>\t\t\t\t\t\t<\/div>\n\t\t\t\t<\/div>\n\t\t\t\t\t<\/div>\n\t\t<\/div>\n\t\t\t\t\t\t\t<\/div>\n\t\t<\/section>\n\t\t\t\t<section class=\"elementor-section elementor-top-section elementor-element elementor-element-4891d7e elementor-section-boxed elementor-section-height-default elementor-section-height-default\" data-id=\"4891d7e\" data-element_type=\"section\">\n\t\t\t\t\t\t<div class=\"elementor-container elementor-column-gap-default\">\n\t\t\t\t\t<div class=\"elementor-column elementor-col-100 elementor-top-column elementor-element elementor-element-e8174a0\" data-id=\"e8174a0\" data-element_type=\"column\">\n\t\t\t<div class=\"elementor-widget-wrap elementor-element-populated\">\n\t\t\t\t\t\t\t\t<div class=\"elementor-element elementor-element-8d9b0df elementor-widget elementor-widget-html\" data-id=\"8d9b0df\" data-element_type=\"widget\" data-widget_type=\"html.default\">\n\t\t\t\t<div class=\"elementor-widget-container\">\n\t\t\t<script type=\"text\/javascript\" src=\"https:\/\/resx.octorate.com\/octobook\/resources\/widget\/js\/form.js\" data-sitekey=\"e3408f89563672e422fc2bc281226760\"><\/script>\r\n\t\t<\/div>\n\t\t\t\t<\/div>\n\t\t\t\t\t<\/div>\n\t\t<\/div>\n\t\t\t\t\t\t\t<\/div>\n\t\t<\/section>\n\t\t\t\t\t\t\t<\/div>\n\t\t","protected":false},"excerpt":{"rendered":"<p>Prenota Ora Verifica le disponibilit\u00e0 nella nostra struttura siamo pronti per accogliervi nella citt\u00e0 del sole e del mare, precisamente in Via Posillipo, la principale promenade panoramica della citt\u00e0 di Napoli.<\/p>\n","protected":false},"author":1,"featured_media":2646,"parent":0,"menu_order":0,"comment_status":"closed","ping_status":"closed","template":"my-templates\/template-fullscreen.php","meta":{"footnotes":""},"class_list":["post-2528","page","type-page","status-publish","has-post-thumbnail","hentry"],"_links":{"self":[{"href":"https:\/\/www.lux-beb.com\/posillipo\/wp-json\/wp\/v2\/pages\/2528","targetHints":{"allow":["GET"]}}],"collection":[{"href":"https:\/\/www.lux-beb.com\/posillipo\/wp-json\/wp\/v2\/pages"}],"about":[{"href":"https:\/\/www.lux-beb.com\/posillipo\/wp-json\/wp\/v2\/types\/page"}],"author":[{"embeddable":true,"href":"https:\/\/www.lux-beb.com\/posillipo\/wp-json\/wp\/v2\/users\/1"}],"replies":[{"embeddable":true,"href":"https:\/\/www.lux-beb.com\/posillipo\/wp-json\/wp\/v2\/comments?post=2528"}],"version-history":[{"count":11,"href":"https:\/\/www.lux-beb.com\/posillipo\/wp-json\/wp\/v2\/pages\/2528\/revisions"}],"predecessor-version":[{"id":2661,"href":"https:\/\/www.lux-beb.com\/posillipo\/wp-json\/wp\/v2\/pages\/2528\/revisions\/2661"}],"wp:featuredmedia":[{"embeddable":true,"href":"https:\/\/www.lux-beb.com\/posillipo\/wp-json\/wp\/v2\/media\/2646"}],"wp:attachment":[{"href":"https:\/\/www.lux-beb.com\/posillipo\/wp-json\/wp\/v2\/media?parent=2528"}],"curies":[{"name":"wp","href":"https:\/\/api.w.org\/{rel}","templated":true}]}}