{"id":1172,"date":"2019-12-04T10:51:53","date_gmt":"2019-12-04T10:51:53","guid":{"rendered":"https:\/\/matchthemes.com\/demowp\/caverta\/?page_id=1172"},"modified":"2023-07-21T18:02:51","modified_gmt":"2023-07-21T16:02:51","slug":"lux-beb-napoli","status":"publish","type":"page","link":"https:\/\/www.lux-beb.com\/posillipo\/lux-beb-napoli\/","title":{"rendered":"Location"},"content":{"rendered":"\t\t<div data-elementor-type=\"wp-page\" data-elementor-id=\"1172\" class=\"elementor elementor-1172\">\n\t\t\t\t\t\t\t\t\t<section class=\"elementor-section elementor-top-section elementor-element elementor-element-d143186 elementor-section-boxed elementor-section-height-default elementor-section-height-default\" data-id=\"d143186\" data-element_type=\"section\">\n\t\t\t\t\t\t<div class=\"elementor-container elementor-column-gap-default\">\n\t\t\t\t\t<div class=\"elementor-column elementor-col-50 elementor-top-column elementor-element elementor-element-c130817\" data-id=\"c130817\" data-element_type=\"column\">\n\t\t\t<div class=\"elementor-widget-wrap elementor-element-populated\">\n\t\t\t\t\t\t\t\t<div class=\"elementor-element elementor-element-b76ae10 elementor-widget elementor-widget-text-editor\" data-id=\"b76ae10\" data-element_type=\"widget\" data-widget_type=\"text-editor.default\">\n\t\t\t\t<div class=\"elementor-widget-container\">\n\t\t\t\t\t\t\t<h2 class=\"home-title\">La nostra Ospitalit\u00e0<\/h2><p style=\"text-align: justify;\"><strong>Una spettacolare veduta sul Golfo di Napoli<\/strong><br \/>La nostra ospitalit\u00e0 \u00e8 autentica. Una struttura nuovissima realizzata con il cuore, con tanta attenzione all\u2019ospite ed al suo relax. Aprire le finestre e riempirsi gli occhi della vista del mare e godere di un magnifico panorama da una posizione esclusiva. Un&#8217; ampia sala colazione dove rilassarsi gustando una colazione italiana.<\/p><h2 class=\"home-title\">Immersi nell&#8217;azzurro del mare<\/h2><p style=\"text-align: justify;\">Lux Posillipo offre la posizione ideale per gli ospiti che desiderano soggiornare in una zona residenziale della citt\u00e0, ma a pochi minuti dalle principali attrazioni monumentali di Napoli. La posizione privilegiata, a due passi dal monumentale palazzo Don Anna e la vicinanza ai principali stabilimenti cittadini rende LUX &#8211; Posillipo una struttura ideale per chi vuole anche usufruire della spiaggia e fare un tuffo nel mare. Strategica la posizione anche per la vicinanza ai monumenti ed ai principali luoghi della movida partenopea.<\/p>\t\t\t\t\t\t<\/div>\n\t\t\t\t<\/div>\n\t\t\t\t\t<\/div>\n\t\t<\/div>\n\t\t\t\t<div class=\"elementor-column elementor-col-50 elementor-top-column elementor-element elementor-element-80d58e1\" data-id=\"80d58e1\" data-element_type=\"column\">\n\t\t\t<div class=\"elementor-widget-wrap elementor-element-populated\">\n\t\t\t\t\t\t\t\t<div class=\"elementor-element elementor-element-789b3e5 elementor-widget elementor-widget-image\" data-id=\"789b3e5\" data-element_type=\"widget\" data-widget_type=\"image.default\">\n\t\t\t\t<div class=\"elementor-widget-container\">\n\t\t\t\t\t\t\t\t\t\t\t\t\t\t\t<img fetchpriority=\"high\" decoding=\"async\" width=\"700\" height=\"500\" src=\"https:\/\/www.lux-beb.com\/posillipo\/wp-content\/uploads\/2023\/07\/location-foto.jpg\" class=\"attachment-full size-full wp-image-2689\" alt=\"\" srcset=\"https:\/\/www.lux-beb.com\/posillipo\/wp-content\/uploads\/2023\/07\/location-foto.jpg 700w, https:\/\/www.lux-beb.com\/posillipo\/wp-content\/uploads\/2023\/07\/location-foto-300x214.jpg 300w\" sizes=\"(max-width: 700px) 100vw, 700px\" \/>\t\t\t\t\t\t\t\t\t\t\t\t\t\t\t<\/div>\n\t\t\t\t<\/div>\n\t\t\t\t\t<\/div>\n\t\t<\/div>\n\t\t\t\t\t\t\t<\/div>\n\t\t<\/section>\n\t\t\t\t<section class=\"elementor-section elementor-top-section elementor-element elementor-element-03ab1b7 elementor-section-boxed elementor-section-height-default elementor-section-height-default\" data-id=\"03ab1b7\" data-element_type=\"section\">\n\t\t\t\t\t\t<div class=\"elementor-container elementor-column-gap-default\">\n\t\t\t\t\t<div class=\"elementor-column elementor-col-100 elementor-top-column elementor-element elementor-element-6f199fb\" data-id=\"6f199fb\" data-element_type=\"column\">\n\t\t\t<div class=\"elementor-widget-wrap elementor-element-populated\">\n\t\t\t\t\t\t\t\t<div class=\"elementor-element elementor-element-77256b4 gallery-spacing-custom elementor-widget elementor-widget-image-gallery\" data-id=\"77256b4\" data-element_type=\"widget\" data-widget_type=\"image-gallery.default\">\n\t\t\t\t<div class=\"elementor-widget-container\">\n\t\t\t\t\t<div class=\"elementor-image-gallery\">\n\t\t\t<div id='gallery-1' class='gallery galleryid-1172 gallery-columns-4 gallery-size-caverta-image600x500'><figure class='gallery-item'>\n\t\t\t<div class='gallery-icon landscape'>\n\t\t\t\t<a data-elementor-open-lightbox=\"yes\" data-elementor-lightbox-slideshow=\"77256b4\" data-e-action-hash=\"#elementor-action%3Aaction%3Dlightbox%26settings%3DeyJpZCI6MjY5MiwidXJsIjoiaHR0cHM6XC9cL3d3dy5sdXgtYmViLmNvbVwvcG9zaWxsaXBvXC93cC1jb250ZW50XC91cGxvYWRzXC8yMDIzXC8wN1wvZ2FsbGVyeS0xLTEuanBnIiwic2xpZGVzaG93IjoiNzcyNTZiNCJ9\" href='https:\/\/www.lux-beb.com\/posillipo\/wp-content\/uploads\/2023\/07\/gallery-1-1.jpg'><img decoding=\"async\" width=\"600\" height=\"500\" src=\"https:\/\/www.lux-beb.com\/posillipo\/wp-content\/uploads\/2023\/07\/gallery-1-1-600x500.jpg\" class=\"attachment-caverta-image600x500 size-caverta-image600x500\" alt=\"\" \/><\/a>\n\t\t\t<\/div><\/figure><figure class='gallery-item'>\n\t\t\t<div class='gallery-icon landscape'>\n\t\t\t\t<a data-elementor-open-lightbox=\"yes\" data-elementor-lightbox-slideshow=\"77256b4\" data-e-action-hash=\"#elementor-action%3Aaction%3Dlightbox%26settings%3DeyJpZCI6MjY5MywidXJsIjoiaHR0cHM6XC9cL3d3dy5sdXgtYmViLmNvbVwvcG9zaWxsaXBvXC93cC1jb250ZW50XC91cGxvYWRzXC8yMDIzXC8wN1wvZ2FsbGVyeS0yLTEuanBnIiwic2xpZGVzaG93IjoiNzcyNTZiNCJ9\" href='https:\/\/www.lux-beb.com\/posillipo\/wp-content\/uploads\/2023\/07\/gallery-2-1.jpg'><img decoding=\"async\" width=\"600\" height=\"500\" src=\"https:\/\/www.lux-beb.com\/posillipo\/wp-content\/uploads\/2023\/07\/gallery-2-1-600x500.jpg\" class=\"attachment-caverta-image600x500 size-caverta-image600x500\" alt=\"\" \/><\/a>\n\t\t\t<\/div><\/figure><figure class='gallery-item'>\n\t\t\t<div class='gallery-icon landscape'>\n\t\t\t\t<a data-elementor-open-lightbox=\"yes\" data-elementor-lightbox-slideshow=\"77256b4\" data-e-action-hash=\"#elementor-action%3Aaction%3Dlightbox%26settings%3DeyJpZCI6MjY5NCwidXJsIjoiaHR0cHM6XC9cL3d3dy5sdXgtYmViLmNvbVwvcG9zaWxsaXBvXC93cC1jb250ZW50XC91cGxvYWRzXC8yMDIzXC8wN1wvZ2FsbGVyeS00LTEuanBnIiwic2xpZGVzaG93IjoiNzcyNTZiNCJ9\" href='https:\/\/www.lux-beb.com\/posillipo\/wp-content\/uploads\/2023\/07\/gallery-4-1.jpg'><img loading=\"lazy\" decoding=\"async\" width=\"600\" height=\"500\" src=\"https:\/\/www.lux-beb.com\/posillipo\/wp-content\/uploads\/2023\/07\/gallery-4-1-600x500.jpg\" class=\"attachment-caverta-image600x500 size-caverta-image600x500\" alt=\"\" \/><\/a>\n\t\t\t<\/div><\/figure><figure class='gallery-item'>\n\t\t\t<div class='gallery-icon landscape'>\n\t\t\t\t<a data-elementor-open-lightbox=\"yes\" data-elementor-lightbox-slideshow=\"77256b4\" data-e-action-hash=\"#elementor-action%3Aaction%3Dlightbox%26settings%3DeyJpZCI6MjY5NSwidXJsIjoiaHR0cHM6XC9cL3d3dy5sdXgtYmViLmNvbVwvcG9zaWxsaXBvXC93cC1jb250ZW50XC91cGxvYWRzXC8yMDIzXC8wN1wvZ2FsbGVyeS01LTEuanBnIiwic2xpZGVzaG93IjoiNzcyNTZiNCJ9\" href='https:\/\/www.lux-beb.com\/posillipo\/wp-content\/uploads\/2023\/07\/gallery-5-1.jpg'><img loading=\"lazy\" decoding=\"async\" width=\"600\" height=\"500\" src=\"https:\/\/www.lux-beb.com\/posillipo\/wp-content\/uploads\/2023\/07\/gallery-5-1-600x500.jpg\" class=\"attachment-caverta-image600x500 size-caverta-image600x500\" alt=\"\" \/><\/a>\n\t\t\t<\/div><\/figure>\n\t\t<\/div>\n\t\t<\/div>\n\t\t\t\t<\/div>\n\t\t\t\t<\/div>\n\t\t\t\t\t<\/div>\n\t\t<\/div>\n\t\t\t\t\t\t\t<\/div>\n\t\t<\/section>\n\t\t\t\t\t\t\t<\/div>\n\t\t","protected":false},"excerpt":{"rendered":"<p>La nostra Ospitalit\u00e0 Una spettacolare veduta sul Golfo di NapoliLa nostra ospitalit\u00e0 \u00e8 autentica. Una struttura nuovissima realizzata con il cuore, con tanta attenzione all\u2019ospite ed al suo relax. Aprire le finestre e riempirsi gli occhi della vista del mare e godere di un magnifico panorama da una posizione esclusiva. Un&#8217; ampia sala colazione dove rilassarsi gustando una colazione italiana&#8230;.<\/p>\n","protected":false},"author":1,"featured_media":2690,"parent":0,"menu_order":0,"comment_status":"closed","ping_status":"closed","template":"my-templates\/template-fullscreen.php","meta":{"footnotes":""},"class_list":["post-1172","page","type-page","status-publish","has-post-thumbnail","hentry"],"_links":{"self":[{"href":"https:\/\/www.lux-beb.com\/posillipo\/wp-json\/wp\/v2\/pages\/1172","targetHints":{"allow":["GET"]}}],"collection":[{"href":"https:\/\/www.lux-beb.com\/posillipo\/wp-json\/wp\/v2\/pages"}],"about":[{"href":"https:\/\/www.lux-beb.com\/posillipo\/wp-json\/wp\/v2\/types\/page"}],"author":[{"embeddable":true,"href":"https:\/\/www.lux-beb.com\/posillipo\/wp-json\/wp\/v2\/users\/1"}],"replies":[{"embeddable":true,"href":"https:\/\/www.lux-beb.com\/posillipo\/wp-json\/wp\/v2\/comments?post=1172"}],"version-history":[{"count":23,"href":"https:\/\/www.lux-beb.com\/posillipo\/wp-json\/wp\/v2\/pages\/1172\/revisions"}],"predecessor-version":[{"id":2704,"href":"https:\/\/www.lux-beb.com\/posillipo\/wp-json\/wp\/v2\/pages\/1172\/revisions\/2704"}],"wp:featuredmedia":[{"embeddable":true,"href":"https:\/\/www.lux-beb.com\/posillipo\/wp-json\/wp\/v2\/media\/2690"}],"wp:attachment":[{"href":"https:\/\/www.lux-beb.com\/posillipo\/wp-json\/wp\/v2\/media?parent=1172"}],"curies":[{"name":"wp","href":"https:\/\/api.w.org\/{rel}","templated":true}]}}